{"id":693,"date":"2023-11-06T12:00:31","date_gmt":"2023-11-06T11:00:31","guid":{"rendered":"https:\/\/instalserveis.cat\/aviso-legal\/"},"modified":"2025-04-25T11:31:41","modified_gmt":"2025-04-25T09:31:41","slug":"aviso-legal","status":"publish","type":"page","link":"https:\/\/instalserveis.cat\/es\/aviso-legal\/","title":{"rendered":"Aviso legal"},"content":{"rendered":"\t\t<div data-elementor-type=\"wp-page\" data-elementor-id=\"693\" class=\"elementor elementor-693 elementor-691\" data-elementor-post-type=\"page\">\n\t\t\t\t\t\t<section class=\"elementor-section elementor-top-section elementor-element elementor-element-6f2f8874 elementor-section-full_width elementor-section-height-default elementor-section-height-default\" data-id=\"6f2f8874\" data-element_type=\"section\" data-e-type=\"section\">\n\t\t\t\t\t\t<div class=\"elementor-container elementor-column-gap-default\">\n\t\t\t\t\t<div class=\"elementor-column elementor-col-100 elementor-top-column elementor-element elementor-element-13bb4616\" data-id=\"13bb4616\" data-element_type=\"column\" data-e-type=\"column\">\n\t\t\t<div class=\"elementor-widget-wrap elementor-element-populated\">\n\t\t\t\t\t\t<div class=\"elementor-element elementor-element-56e646a0 elementor-widget elementor-widget-heading\" data-id=\"56e646a0\" data-element_type=\"widget\" data-e-type=\"widget\" data-widget_type=\"heading.default\">\n\t\t\t\t<div class=\"elementor-widget-container\">\n\t\t\t\t\t<h2 class=\"elementor-heading-title elementor-size-default\">Aviso legal<\/h2>\t\t\t\t<\/div>\n\t\t\t\t<\/div>\n\t\t\t\t<div class=\"elementor-element elementor-element-438d6938 elementor-widget elementor-widget-text-editor\" data-id=\"438d6938\" data-element_type=\"widget\" data-e-type=\"widget\" data-widget_type=\"text-editor.default\">\n\t\t\t\t<div class=\"elementor-widget-container\">\n\t\t\t\t\t\t\t\t\t<p class=\"p2\">En cumplimiento con el deber de informaci\u00f3n recogido en el art\u00edculo 10 de la Ley 34\/2002, de 11 de Julio, de Servicios de la Informaci\u00f3n y del Comercio Electr\u00f3nico, le informamos que el sitio web <span class=\"s1\">https:\/\/instalserveis.cat\/<\/span> (en adelante, el sitio \u00abWeb\u00bb) es titularidad de <span class=\"s2\">EQUIP INSTALSERVEIS G&amp;S, SL<\/span> (en de en Sala, 26 &#8211; 08460 &#8211; Santa Mar\u00eda de Palautordera (Barcelona), con CIF: B09678475.<\/p><p class=\"p2\">Inscrita en el Registro Mercantil de Barcelona: T 48192, F 90, S 8, HB 575368, I\/A 1<\/p><p class=\"p4\"><b>Comunicaciones<\/b><\/p><p class=\"p6\">Tel\u00e9fono: +34 666 954 242<\/p><p class=\"p8\"><span class=\"s3\">e-mail:<\/span> <span class=\"s4\">info@instalserveis.cat<\/span><\/p><p class=\"p2\">El presente aviso legal regula las condiciones de uso del citado portal de Internet.<\/p><p class=\"p4\"><b>Ley aplicable y jurisdicci\u00f3n<\/b><\/p><p class=\"p2\">Con car\u00e1cter general, las relaciones entre INSTALSERVEIS y los usuarios de los servicios telem\u00e1ticos, presentes en la Web, se encuentran sometidas a la legislaci\u00f3n y jurisdicci\u00f3n espa\u00f1olas.<\/p><p class=\"p2\">Las partes renuncian expresamente al fuero que les pueda corresponder y someten expresamente a los Juzgados y Tribunales de Granollers (Barcelona) para resolver cualquier controversia que pueda surgir en la interpretaci\u00f3n o ejecuci\u00f3n de las presentes condiciones contractuales.<\/p><p class=\"p4\"><b>  Aceptaci\u00f3n del usuario<\/b><\/p><p class=\"p2\">Este Aviso Legal regula el acceso y utilizaci\u00f3n del sitio web que INSTALSERVEIS pone a disposici\u00f3n de los usuarios de Internet. Se considera usuario a la persona que acceda, navegue, utilice o participe en los servicios y actividades del sitio web.<\/p><p class=\"p2\">El usuario queda informado, y acepta, que el acceso al presente sitio web no supone, en modo alguno, el inicio de una relaci\u00f3n comercial con INSTALSERVEIS.<\/p><p class=\"p2\">El acceso y navegaci\u00f3n por el sitio web por parte del usuario supone la aceptaci\u00f3n de la totalidad de las presentes Condiciones de Uso. En caso de desacuerdo con las condiciones debe abstenerse de usar el sitio web.<\/p><p class=\"p4\"><b>Acceso al sitio web<\/b><\/p><p class=\"p2\">El acceso al sitio web por parte de los usuarios es de car\u00e1cter libre y gratuito. Algunos servicios pueden estar sujetos a contrataci\u00f3n previa del servicio.<\/p><p class=\"p2\">En caso de ser necesario que el usuario aporte datos personales para acceder a alguno de los servicios, la recogida y tratamiento de los datos se realizar\u00e1 de conformidad con la normativa vigente, en concreto con el RGPD. Para m\u00e1s informaci\u00f3n, consulte nuestra pol\u00edtica de <span class=\"s5\">privacidad<\/span> <span class=\"s7\">https:\/\/instalserveis.cat\/https:\/\/instalserveis.cat\/<\/span> <span class=\"s8\">politica<\/span> <span class=\"s7\">-de-privacidad<\/span><\/p><p class=\"p4\"><b>Contenido y uso<\/b><\/p><p class=\"p2\">La visita al sitio web por parte del usuario deber\u00e1 realizarse de forma responsable y de conformidad a la legalidad vigente, la buena fe, el presente Aviso Legal y respetando los derechos de propiedad intelectual e industrial de titularidad de INSTALSERVEIS o cualesquiera otras personas f\u00edsicas o jur\u00eddicas.<\/p><p class=\"p2\">El uso de cualquiera de los contenidos del sitio web con finalidades que sean o pudieran ser il\u00edcitas queda totalmente prohibido, as\u00ed como la realizaci\u00f3n de cualquier acci\u00f3n que cause o pueda causar da\u00f1os o alteraciones de cualquier tipo no consentidas por INSTALSERVEIS, en el sitio web oa sus contenidos.<\/p><p class=\"p2\">El titular del sitio web no se identifica con las opiniones vertidas en el mismo por sus colaboradores. La empresa se reserva el derecho a efectuar sin previo aviso las modificaciones que considere oportunas en su Web, pudiendo cambiar, suprimir o a\u00f1adir tanto los contenidos y servicios que se prestan a trav\u00e9s de la misma como la forma en la que \u00e9stos aparezcan presentados o localizados en sus servidores.<\/p><p class=\"p19\">Queda estrictamente prohibido el uso de cualquiera de los contenidos del sitio web con fines il\u00edcitos, as\u00ed como realizar cualquier actuaci\u00f3n que cause o pueda ocasionar da\u00f1os o alteraciones de cualquier tipo no consentido por INSTALSERVEIS, el sitio web o sus contenidos.<\/p><p class=\"p20\"><b>Propiedad intelectual e industrial<\/b><\/p><p class=\"p2\">Los derechos de propiedad intelectual del contenido de las p\u00e1ginas del sitio web, su dise\u00f1o gr\u00e1fico y c\u00f3digos son titularidad de <span class=\"s9\">INSTALSERVEIS<\/span> y, por tanto, queda prohibida su reproducci\u00f3n, distribuci\u00f3n, comunicaci\u00f3n p\u00fablica, transformaci\u00f3n o cualquier otra actividad que se realice con los contenidos del sitio web, aunque se citen las fuentes, salvo que se cuente con el <span class=\"s9\">consentimiento<\/span> previo, expreso y por escrito. Todos los nombres comerciales, marcas o signos distintivos de cualquier clase y contenidos en las p\u00e1ginas web de la empresa son propiedad de sus propietarios y est\u00e1n protegidos por ley.<\/p><p class=\"p2\"><span class=\"s9\">INSTALSERVEIS<\/span> no concede ninguna licencia o autorizaci\u00f3n de uso de ninguna clase sobre sus derechos de propiedad intelectual e industrial o sobre cualquier otra propiedad o derecho relacionado con el sitio web, y en ning\u00fan caso se entender\u00e1 que el acceso y navegaci\u00f3n de los usuarios implica una renuncia, transmisi\u00f3n, licencia o cesi\u00f3n total ni parcial de estos derechos por parte de <span class=\"s9\">INSTALSERVEIS<\/span> .<\/p><p class=\"p2\">Cualquier uso de estos contenidos no autorizados previamente por parte de <span class=\"s9\">INSTALSERVEIS<\/span> ser\u00e1 considerado un incumplimiento grave de los derechos de propiedad intelectual o industrial y dar\u00e1 lugar a las responsabilidades legalmente establecidas. <span class=\"s9\">INSTALSERVEIS<\/span> se reserva el derecho de ejercitar frente al usuario las acciones judiciales y extrajudiciales que correspondan.<\/p><p class=\"p4\"><b>Responsabilidad y garant\u00edas<\/b><\/p><p class=\"p2\"><span class=\"s9\">INSTALSERVEIS<\/span> declara que ha adoptado las medidas necesarias que, dentro de sus posibilidades y el estado de la tecnolog\u00eda, permiten el correcto funcionamiento de su sitio web as\u00ed como la ausencia de virus y componentes nocivos. Sin embargo, <span class=\"s9\">INSTALSERVEIS<\/span> no se puede hacer responsable de las siguientes situaciones que se enumeran a t\u00edtulo enunciativo, pero no limitativo:<\/p><ul class=\"ul1\"><li class=\"li2\">La continuidad y disponibilidad de los Contenidos.<\/li><li class=\"li2\">La ausencia de errores en los Contenidos ni la correcci\u00f3n de cualquier defecto que pudiera ocurrir.<\/li><li class=\"li2\">La ausencia de virus y\/u otros componentes nocivos.<\/li><li class=\"li2\">Los da\u00f1os o perjuicios que cause cualquier persona que vulnere los sistemas de seguridad de <span class=\"s9\">INSTALSERVEIS<\/span> .<\/li><li class=\"li2\">El uso que los usuarios puedan realizar de los contenidos incluidos en la web. En consecuencia, <span class=\"s9\">INSTALSERVEIS<\/span> no garantiza que el uso que los usuarios puedan hacer de los contenidos que en su caso se incluyan en el sitio web se ajusten al presente aviso legal ni que el uso del sitio web se realice de forma diligente.<\/li><li class=\"li2\">El uso por menores de edad del sitio web o del env\u00edo de sus datos personales sin el permiso de sus tutores, siendo los tutores responsables del uso que hagan de Internet. Los contenidos a los que el usuario pueda acceder a trav\u00e9s de enlaces no autorizados o introducidos por usuarios mediante comentarios o herramientas similares.<\/li><li class=\"li2\">La introducci\u00f3n de datos err\u00f3neos por parte del usuario o de un tercero.<\/li><\/ul><p class=\"p2\"><span class=\"s9\">INSTALSERVEIS<\/span> podr\u00e1 suspender temporalmente y sin previo aviso, la accesibilidad al sitio web con motivo de operaciones de mantenimiento, reparaci\u00f3n, actualizaci\u00f3n o mejora. No obstante, siempre que las circunstancias lo permitan, <span class=\"s9\">INSTALSERVEIS<\/span> comunicar\u00e1 al usuario, con suficiente antelaci\u00f3n, la fecha prevista para la suspensi\u00f3n de los contenidos.<\/p><p class=\"p2\">Asimismo, de conformidad con los arts. 11 y 16 de la Ley 34\/2002, de 11 de julio, de servicios de la sociedad de la informaci\u00f3n y de comercio electr\u00f3nico, <span class=\"s9\">INSTALSERVEIS<\/span> se compromete a la eliminaci\u00f3n o, en su caso, al bloqueo de los contenidos que pudieran afectar o ser contrarios a la legislaci\u00f3n vigente, los derechos de terceros o la moral y orden p\u00fablico.<\/p><p class=\"p21\"><b>Cookies<\/b><\/p><p class=\"p22\">INSTALSERVEIS utiliza cookies, a efectos de optimizar y personalizar su navegaci\u00f3n por el sitio web. Las cookies son archivos f\u00edsicos de informaci\u00f3n que se alojan en el mismo terminal del usuario, la informaci\u00f3n recogida mediante las cookies sirve para facilitar la navegaci\u00f3n del usuario por el portal y optimizar la experiencia de navegaci\u00f3n. Los datos recopilados mediante las cookies pueden ser compartidos con los creadores de \u00e9stas, pero en ning\u00fan caso la informaci\u00f3n obtenida por las mismas ser\u00e1 asociada a datos personales ni a datos que pueden identificar al usuario.<\/p><p class=\"p22\">Sin embargo, si el usuario no desea que se instalen cookies en su disco duro, tiene la posibilidad de configurar el navegador de tal forma que impida la instalaci\u00f3n de estos archivos. Para obtener m\u00e1s informaci\u00f3n consulte nuestra Pol\u00edtica de Cookies <span class=\"s11\">https:\/\/instalserveis.cat\/https:\/\/instalserveis.cat\/politica-de-cookies\/<\/span> <\/p><p class=\"p4\"><b>Enlaces (links)<\/b><\/p><p class=\"p2\">La presencia de enlaces (links) al sitio web <span class=\"s9\">INSTALSERVEIS<\/span> hacia otros sitios de Internet tiene finalidad meramente informativa y en ning\u00fan caso suponen sugerencia, invitaci\u00f3n o recomendaci\u00f3n sobre los mismos. <span class=\"s9\">INSTALSERVEIS<\/span> no asumir\u00e1 responsabilidad por los contenidos de un enlace perteneciente a un sitio web ajeno, ni garantizar\u00e1 la fiabilidad, exactitud, amplitud, veracidad, validez y disponibilidad t\u00e9cnica.<\/p><p class=\"p2\">En caso de que en otros sitios webs se establezcan enlaces al sitio web de <span class=\"s9\">INSTALSERVEIS<\/span> , no se entender\u00e1 que <span class=\"s9\">INSTALSERVEIS<\/span> , ha autorizado el enlace o el contenido del sitio web en el que se contiene el enlace, tampoco se podr\u00e1 incluir en el sitio del enlace contenidos inapropiados, difamatorios, ilegales, obscenos o obscenos.<\/p><p class=\"p2\"><span class=\"s9\">INSTALSERVEIS<\/span> se reserva la posibilidad de contactar con el propietario del sitio web en el que se establezca el enlace si considera que se incumple la normativa, as\u00ed como de ejercitar las correspondientes acciones judiciales y extrajudiciales.<\/p><p class=\"p20\"><b>Modificaci\u00f3n de las condiciones<\/b><\/p><p class=\"p2\"><span class=\"s9\">INSTALSERVEIS<\/span> se reserva expresamente el derecho a modificar unilateralmente, total o parcialmente, sin necesidad de previo aviso, el presente Aviso Legal. El usuario reconoce y acepta que es su responsabilidad revisarlo peri\u00f3dicamente.<\/p>\t\t\t\t\t\t\t\t<\/div>\n\t\t\t\t<\/div>\n\t\t\t\t<div class=\"elementor-element elementor-element-4a724bd9 elementor-mobile-align-center elementor-invisible elementor-widget elementor-widget-button\" data-id=\"4a724bd9\" data-element_type=\"widget\" data-e-type=\"widget\" data-settings=\"{&quot;_animation&quot;:&quot;fadeIn&quot;,&quot;_animation_delay&quot;:1000}\" data-widget_type=\"button.default\">\n\t\t\t\t<div class=\"elementor-widget-container\">\n\t\t\t\t\t\t\t\t\t<div class=\"elementor-button-wrapper\">\n\t\t\t\t\t<a class=\"elementor-button elementor-button-link elementor-size-sm\" href=\"https:\/\/instalserveis.cat\/es\/\">\n\t\t\t\t\t\t<span class=\"elementor-button-content-wrapper\">\n\t\t\t\t\t\t\t\t\t<span class=\"elementor-button-text\">VOLVER A INICIO<\/span>\n\t\t\t\t\t<\/span>\n\t\t\t\t\t<\/a>\n\t\t\t\t<\/div>\n\t\t\t\t\t\t\t\t<\/div>\n\t\t\t\t<\/div>\n\t\t\t\t\t<\/div>\n\t\t<\/div>\n\t\t\t\t\t<\/div>\n\t\t<\/section>\n\t\t\t\t<section class=\"elementor-section elementor-top-section elementor-element elementor-element-459f75e8 elementor-section-boxed elementor-section-height-default elementor-section-height-default\" data-id=\"459f75e8\" data-element_type=\"section\" data-e-type=\"section\">\n\t\t\t\t\t\t<div class=\"elementor-container elementor-column-gap-default\">\n\t\t\t\t\t<div class=\"elementor-column elementor-col-100 elementor-top-column elementor-element elementor-element-78ee4f5a\" data-id=\"78ee4f5a\" data-element_type=\"column\" data-e-type=\"column\">\n\t\t\t<div class=\"elementor-widget-wrap\">\n\t\t\t\t\t\t\t<\/div>\n\t\t<\/div>\n\t\t\t\t\t<\/div>\n\t\t<\/section>\n\t\t\t\t<\/div>\n\t\t","protected":false},"excerpt":{"rendered":"<p>Aviso legal En cumplimiento con el deber de informaci\u00f3n recogido en el art\u00edculo 10 de la Ley 34\/2002, de 11 de Julio, de Servicios de la Informaci\u00f3n y del Comercio Electr\u00f3nico, le informamos que el sitio web https:\/\/instalserveis.cat\/ (en adelante, el sitio \u00abWeb\u00bb) es titularidad de EQUIP INSTALSERVEIS G&amp;S, SL (en de en Sala, 26 [&hellip;]<\/p>\n","protected":false},"author":1,"featured_media":643,"parent":0,"menu_order":0,"comment_status":"closed","ping_status":"closed","template":"elementor_header_footer","meta":{"footnotes":""},"class_list":["post-693","page","type-page","status-publish","has-post-thumbnail","hentry"],"yoast_head":"<!-- This site is optimized with the Yoast SEO plugin v27.5 - https:\/\/yoast.com\/product\/yoast-seo-wordpress\/ -->\n<title>Aviso legal - Instal Serveis<\/title>\n<meta name=\"description\" content=\"Consulta el aviso legal de Instal Serveis, empresa especializada en instalaciones integrales a medida para particulares y empresas.\" \/>\n<meta name=\"robots\" content=\"index, follow, max-snippet:-1, max-image-preview:large, max-video-preview:-1\" \/>\n<link rel=\"canonical\" href=\"https:\/\/instalserveis.cat\/es\/aviso-legal\/\" \/>\n<meta property=\"og:locale\" content=\"es_ES\" \/>\n<meta property=\"og:type\" content=\"article\" \/>\n<meta property=\"og:title\" content=\"Aviso legal - Instal Serveis\" \/>\n<meta property=\"og:description\" content=\"Consulta el aviso legal de Instal Serveis, empresa especializada en instalaciones integrales a medida para particulares y empresas.\" \/>\n<meta property=\"og:url\" content=\"https:\/\/instalserveis.cat\/es\/aviso-legal\/\" \/>\n<meta property=\"og:site_name\" content=\"Instal Serveis\" \/>\n<meta property=\"article:modified_time\" content=\"2025-04-25T09:31:41+00:00\" \/>\n<meta property=\"og:image\" content=\"https:\/\/instalserveis.cat\/wp-content\/uploads\/2023\/08\/instalserveis_favicon-1.png\" \/>\n\t<meta property=\"og:image:width\" content=\"335\" \/>\n\t<meta property=\"og:image:height\" content=\"335\" \/>\n\t<meta property=\"og:image:type\" content=\"image\/png\" \/>\n<meta name=\"twitter:card\" content=\"summary_large_image\" \/>\n<meta name=\"twitter:label1\" content=\"Tiempo de lectura\" \/>\n\t<meta name=\"twitter:data1\" content=\"7 minutos\" \/>\n<script type=\"application\/ld+json\" class=\"yoast-schema-graph\">{\"@context\":\"https:\\\/\\\/schema.org\",\"@graph\":[{\"@type\":\"WebPage\",\"@id\":\"https:\\\/\\\/instalserveis.cat\\\/es\\\/aviso-legal\\\/\",\"url\":\"https:\\\/\\\/instalserveis.cat\\\/es\\\/aviso-legal\\\/\",\"name\":\"Aviso legal - Instal Serveis\",\"isPartOf\":{\"@id\":\"https:\\\/\\\/instalserveis.cat\\\/es\\\/#website\"},\"primaryImageOfPage\":{\"@id\":\"https:\\\/\\\/instalserveis.cat\\\/es\\\/aviso-legal\\\/#primaryimage\"},\"image\":{\"@id\":\"https:\\\/\\\/instalserveis.cat\\\/es\\\/aviso-legal\\\/#primaryimage\"},\"thumbnailUrl\":\"https:\\\/\\\/instalserveis.cat\\\/wp-content\\\/uploads\\\/2023\\\/08\\\/instalserveis_favicon-1.png\",\"datePublished\":\"2023-11-06T11:00:31+00:00\",\"dateModified\":\"2025-04-25T09:31:41+00:00\",\"description\":\"Consulta el aviso legal de Instal Serveis, empresa especializada en instalaciones integrales a medida para particulares y empresas.\",\"breadcrumb\":{\"@id\":\"https:\\\/\\\/instalserveis.cat\\\/es\\\/aviso-legal\\\/#breadcrumb\"},\"inLanguage\":\"es\",\"potentialAction\":[{\"@type\":\"ReadAction\",\"target\":[\"https:\\\/\\\/instalserveis.cat\\\/es\\\/aviso-legal\\\/\"]}]},{\"@type\":\"ImageObject\",\"inLanguage\":\"es\",\"@id\":\"https:\\\/\\\/instalserveis.cat\\\/es\\\/aviso-legal\\\/#primaryimage\",\"url\":\"https:\\\/\\\/instalserveis.cat\\\/wp-content\\\/uploads\\\/2023\\\/08\\\/instalserveis_favicon-1.png\",\"contentUrl\":\"https:\\\/\\\/instalserveis.cat\\\/wp-content\\\/uploads\\\/2023\\\/08\\\/instalserveis_favicon-1.png\",\"width\":335,\"height\":335},{\"@type\":\"BreadcrumbList\",\"@id\":\"https:\\\/\\\/instalserveis.cat\\\/es\\\/aviso-legal\\\/#breadcrumb\",\"itemListElement\":[{\"@type\":\"ListItem\",\"position\":1,\"name\":\"Inici\",\"item\":\"https:\\\/\\\/instalserveis.cat\\\/es\\\/\"},{\"@type\":\"ListItem\",\"position\":2,\"name\":\"Aviso legal\"}]},{\"@type\":\"WebSite\",\"@id\":\"https:\\\/\\\/instalserveis.cat\\\/es\\\/#website\",\"url\":\"https:\\\/\\\/instalserveis.cat\\\/es\\\/\",\"name\":\"Instal Serveis\",\"description\":\"Serveis de lampisteria i electricista\",\"publisher\":{\"@id\":\"https:\\\/\\\/instalserveis.cat\\\/es\\\/#organization\"},\"potentialAction\":[{\"@type\":\"SearchAction\",\"target\":{\"@type\":\"EntryPoint\",\"urlTemplate\":\"https:\\\/\\\/instalserveis.cat\\\/es\\\/?s={search_term_string}\"},\"query-input\":{\"@type\":\"PropertyValueSpecification\",\"valueRequired\":true,\"valueName\":\"search_term_string\"}}],\"inLanguage\":\"es\"},{\"@type\":\"Organization\",\"@id\":\"https:\\\/\\\/instalserveis.cat\\\/es\\\/#organization\",\"name\":\"Instal Serveis\",\"url\":\"https:\\\/\\\/instalserveis.cat\\\/es\\\/\",\"logo\":{\"@type\":\"ImageObject\",\"inLanguage\":\"es\",\"@id\":\"https:\\\/\\\/instalserveis.cat\\\/es\\\/#\\\/schema\\\/logo\\\/image\\\/\",\"url\":\"https:\\\/\\\/instalserveis.cat\\\/wp-content\\\/uploads\\\/2023\\\/10\\\/Recurso-10.png\",\"contentUrl\":\"https:\\\/\\\/instalserveis.cat\\\/wp-content\\\/uploads\\\/2023\\\/10\\\/Recurso-10.png\",\"width\":552,\"height\":189,\"caption\":\"Instal Serveis\"},\"image\":{\"@id\":\"https:\\\/\\\/instalserveis.cat\\\/es\\\/#\\\/schema\\\/logo\\\/image\\\/\"}}]}<\/script>\n<!-- \/ Yoast SEO plugin. -->","yoast_head_json":{"title":"Aviso legal - Instal Serveis","description":"Consulta el aviso legal de Instal Serveis, empresa especializada en instalaciones integrales a medida para particulares y empresas.","robots":{"index":"index","follow":"follow","max-snippet":"max-snippet:-1","max-image-preview":"max-image-preview:large","max-video-preview":"max-video-preview:-1"},"canonical":"https:\/\/instalserveis.cat\/es\/aviso-legal\/","og_locale":"es_ES","og_type":"article","og_title":"Aviso legal - Instal Serveis","og_description":"Consulta el aviso legal de Instal Serveis, empresa especializada en instalaciones integrales a medida para particulares y empresas.","og_url":"https:\/\/instalserveis.cat\/es\/aviso-legal\/","og_site_name":"Instal Serveis","article_modified_time":"2025-04-25T09:31:41+00:00","og_image":[{"width":335,"height":335,"url":"https:\/\/instalserveis.cat\/wp-content\/uploads\/2023\/08\/instalserveis_favicon-1.png","type":"image\/png"}],"twitter_card":"summary_large_image","twitter_misc":{"Tiempo de lectura":"7 minutos"},"schema":{"@context":"https:\/\/schema.org","@graph":[{"@type":"WebPage","@id":"https:\/\/instalserveis.cat\/es\/aviso-legal\/","url":"https:\/\/instalserveis.cat\/es\/aviso-legal\/","name":"Aviso legal - Instal Serveis","isPartOf":{"@id":"https:\/\/instalserveis.cat\/es\/#website"},"primaryImageOfPage":{"@id":"https:\/\/instalserveis.cat\/es\/aviso-legal\/#primaryimage"},"image":{"@id":"https:\/\/instalserveis.cat\/es\/aviso-legal\/#primaryimage"},"thumbnailUrl":"https:\/\/instalserveis.cat\/wp-content\/uploads\/2023\/08\/instalserveis_favicon-1.png","datePublished":"2023-11-06T11:00:31+00:00","dateModified":"2025-04-25T09:31:41+00:00","description":"Consulta el aviso legal de Instal Serveis, empresa especializada en instalaciones integrales a medida para particulares y empresas.","breadcrumb":{"@id":"https:\/\/instalserveis.cat\/es\/aviso-legal\/#breadcrumb"},"inLanguage":"es","potentialAction":[{"@type":"ReadAction","target":["https:\/\/instalserveis.cat\/es\/aviso-legal\/"]}]},{"@type":"ImageObject","inLanguage":"es","@id":"https:\/\/instalserveis.cat\/es\/aviso-legal\/#primaryimage","url":"https:\/\/instalserveis.cat\/wp-content\/uploads\/2023\/08\/instalserveis_favicon-1.png","contentUrl":"https:\/\/instalserveis.cat\/wp-content\/uploads\/2023\/08\/instalserveis_favicon-1.png","width":335,"height":335},{"@type":"BreadcrumbList","@id":"https:\/\/instalserveis.cat\/es\/aviso-legal\/#breadcrumb","itemListElement":[{"@type":"ListItem","position":1,"name":"Inici","item":"https:\/\/instalserveis.cat\/es\/"},{"@type":"ListItem","position":2,"name":"Aviso legal"}]},{"@type":"WebSite","@id":"https:\/\/instalserveis.cat\/es\/#website","url":"https:\/\/instalserveis.cat\/es\/","name":"Instal Serveis","description":"Serveis de lampisteria i electricista","publisher":{"@id":"https:\/\/instalserveis.cat\/es\/#organization"},"potentialAction":[{"@type":"SearchAction","target":{"@type":"EntryPoint","urlTemplate":"https:\/\/instalserveis.cat\/es\/?s={search_term_string}"},"query-input":{"@type":"PropertyValueSpecification","valueRequired":true,"valueName":"search_term_string"}}],"inLanguage":"es"},{"@type":"Organization","@id":"https:\/\/instalserveis.cat\/es\/#organization","name":"Instal Serveis","url":"https:\/\/instalserveis.cat\/es\/","logo":{"@type":"ImageObject","inLanguage":"es","@id":"https:\/\/instalserveis.cat\/es\/#\/schema\/logo\/image\/","url":"https:\/\/instalserveis.cat\/wp-content\/uploads\/2023\/10\/Recurso-10.png","contentUrl":"https:\/\/instalserveis.cat\/wp-content\/uploads\/2023\/10\/Recurso-10.png","width":552,"height":189,"caption":"Instal Serveis"},"image":{"@id":"https:\/\/instalserveis.cat\/es\/#\/schema\/logo\/image\/"}}]}},"_links":{"self":[{"href":"https:\/\/instalserveis.cat\/es\/wp-json\/wp\/v2\/pages\/693","targetHints":{"allow":["GET"]}}],"collection":[{"href":"https:\/\/instalserveis.cat\/es\/wp-json\/wp\/v2\/pages"}],"about":[{"href":"https:\/\/instalserveis.cat\/es\/wp-json\/wp\/v2\/types\/page"}],"author":[{"embeddable":true,"href":"https:\/\/instalserveis.cat\/es\/wp-json\/wp\/v2\/users\/1"}],"replies":[{"embeddable":true,"href":"https:\/\/instalserveis.cat\/es\/wp-json\/wp\/v2\/comments?post=693"}],"version-history":[{"count":15,"href":"https:\/\/instalserveis.cat\/es\/wp-json\/wp\/v2\/pages\/693\/revisions"}],"predecessor-version":[{"id":883,"href":"https:\/\/instalserveis.cat\/es\/wp-json\/wp\/v2\/pages\/693\/revisions\/883"}],"wp:featuredmedia":[{"embeddable":true,"href":"https:\/\/instalserveis.cat\/es\/wp-json\/wp\/v2\/media\/643"}],"wp:attachment":[{"href":"https:\/\/instalserveis.cat\/es\/wp-json\/wp\/v2\/media?parent=693"}],"curies":[{"name":"wp","href":"https:\/\/api.w.org\/{rel}","templated":true}]}}