{"id":492,"date":"2023-10-24T15:29:01","date_gmt":"2023-10-24T13:29:01","guid":{"rendered":"https:\/\/instalserveis.cat\/quienes-somos\/"},"modified":"2025-04-25T11:42:01","modified_gmt":"2025-04-25T09:42:01","slug":"quienes-somos","status":"publish","type":"page","link":"https:\/\/instalserveis.cat\/es\/quienes-somos\/","title":{"rendered":"Qui\u00e9nes somos"},"content":{"rendered":"\t\t<div data-elementor-type=\"wp-page\" data-elementor-id=\"492\" class=\"elementor elementor-492 elementor-68\" data-elementor-post-type=\"page\">\n\t\t\t\t\t\t<section class=\"elementor-section elementor-top-section elementor-element elementor-element-0adde7c elementor-section-full_width elementor-section-height-min-height elementor-section-items-bottom elementor-section-height-default\" data-id=\"0adde7c\" data-element_type=\"section\" data-e-type=\"section\" data-settings=\"{&quot;background_background&quot;:&quot;slideshow&quot;,&quot;background_slideshow_gallery&quot;:[{&quot;id&quot;:60,&quot;url&quot;:&quot;https:\\\/\\\/instalserveis.cat\\\/wp-content\\\/uploads\\\/2023\\\/10\\\/Recurso-4.png&quot;}],&quot;background_slideshow_loop&quot;:&quot;yes&quot;,&quot;background_slideshow_slide_duration&quot;:5000,&quot;background_slideshow_slide_transition&quot;:&quot;fade&quot;,&quot;background_slideshow_transition_duration&quot;:500}\">\n\t\t\t\t\t\t<div class=\"elementor-container elementor-column-gap-no\">\n\t\t\t\t\t<div class=\"elementor-column elementor-col-100 elementor-top-column elementor-element elementor-element-f4aa3c1\" data-id=\"f4aa3c1\" data-element_type=\"column\" data-e-type=\"column\">\n\t\t\t<div class=\"elementor-widget-wrap elementor-element-populated\">\n\t\t\t\t\t\t<div class=\"elementor-element elementor-element-1abe41c elementor-invisible elementor-widget elementor-widget-heading\" data-id=\"1abe41c\" data-element_type=\"widget\" data-e-type=\"widget\" data-settings=\"{&quot;motion_fx_motion_fx_scrolling&quot;:&quot;yes&quot;,&quot;motion_fx_translateY_effect&quot;:&quot;yes&quot;,&quot;motion_fx_translateY_speed&quot;:{&quot;unit&quot;:&quot;px&quot;,&quot;size&quot;:2,&quot;sizes&quot;:[]},&quot;motion_fx_translateY_affectedRange&quot;:{&quot;unit&quot;:&quot;%&quot;,&quot;size&quot;:&quot;&quot;,&quot;sizes&quot;:{&quot;start&quot;:50,&quot;end&quot;:100}},&quot;motion_fx_devices&quot;:[&quot;desktop&quot;,&quot;tablet&quot;],&quot;_animation&quot;:&quot;fadeInUp&quot;,&quot;_animation_delay&quot;:800}\" data-widget_type=\"heading.default\">\n\t\t\t\t<div class=\"elementor-widget-container\">\n\t\t\t\t\t<h1 class=\"elementor-heading-title elementor-size-default\">Qui\u00e9nes somos<\/h1>\t\t\t\t<\/div>\n\t\t\t\t<\/div>\n\t\t\t\t\t<\/div>\n\t\t<\/div>\n\t\t\t\t\t<\/div>\n\t\t<\/section>\n\t\t\t\t<section class=\"elementor-section elementor-top-section elementor-element elementor-element-60616f8 elementor-section-full_width elementor-section-height-default elementor-section-height-default\" data-id=\"60616f8\" data-element_type=\"section\" data-e-type=\"section\">\n\t\t\t\t\t\t<div class=\"elementor-container elementor-column-gap-default\">\n\t\t\t\t\t<div class=\"elementor-column elementor-col-100 elementor-top-column elementor-element elementor-element-a85b73f\" data-id=\"a85b73f\" data-element_type=\"column\" data-e-type=\"column\">\n\t\t\t<div class=\"elementor-widget-wrap elementor-element-populated\">\n\t\t\t\t\t\t<div class=\"elementor-element elementor-element-a8bd7ec elementor-widget elementor-widget-spacer\" data-id=\"a8bd7ec\" data-element_type=\"widget\" data-e-type=\"widget\" data-widget_type=\"spacer.default\">\n\t\t\t\t<div class=\"elementor-widget-container\">\n\t\t\t\t\t\t\t<div class=\"elementor-spacer\">\n\t\t\t<div class=\"elementor-spacer-inner\"><\/div>\n\t\t<\/div>\n\t\t\t\t\t\t<\/div>\n\t\t\t\t<\/div>\n\t\t\t\t<div class=\"elementor-element elementor-element-36b9c26 animated-slow elementor-invisible elementor-widget elementor-widget-text-editor\" data-id=\"36b9c26\" data-element_type=\"widget\" data-e-type=\"widget\" data-settings=\"{&quot;_animation&quot;:&quot;fadeIn&quot;,&quot;_animation_delay&quot;:700}\" data-widget_type=\"text-editor.default\">\n\t\t\t\t<div class=\"elementor-widget-container\">\n\t\t\t\t\t\t\t\t\t<p>Somos una empresa de instalaciones a nivel integral ubicada en Santa Maria de Palautordera. Estamos comprometidos en atender tus necesidades con la m\u00e1xima calidad, eficiencia y a un precio competitivo.<\/p><p>Disponemos de un equipo de profesionales experimentados y altamente cualificados en cada uno de los servicios que ofrecemos con instaladores autorizados con carn\u00e9 de electricidad, agua y gas.<\/p>\t\t\t\t\t\t\t\t<\/div>\n\t\t\t\t<\/div>\n\t\t\t\t<section class=\"elementor-section elementor-inner-section elementor-element elementor-element-7e87498 elementor-section-full_width elementor-section-height-default elementor-section-height-default\" data-id=\"7e87498\" data-element_type=\"section\" data-e-type=\"section\">\n\t\t\t\t\t\t<div class=\"elementor-container elementor-column-gap-no\">\n\t\t\t\t\t<div class=\"elementor-column elementor-col-33 elementor-inner-column elementor-element elementor-element-33062b2\" data-id=\"33062b2\" data-element_type=\"column\" data-e-type=\"column\">\n\t\t\t<div class=\"elementor-widget-wrap\">\n\t\t\t\t\t\t\t<\/div>\n\t\t<\/div>\n\t\t\t\t<div class=\"elementor-column elementor-col-33 elementor-inner-column elementor-element elementor-element-284bfd6\" data-id=\"284bfd6\" data-element_type=\"column\" data-e-type=\"column\">\n\t\t\t<div class=\"elementor-widget-wrap elementor-element-populated\">\n\t\t\t\t\t\t<div class=\"elementor-element elementor-element-d3d7900 elementor-widget-divider--view-line elementor-widget elementor-widget-divider\" data-id=\"d3d7900\" data-element_type=\"widget\" data-e-type=\"widget\" data-widget_type=\"divider.default\">\n\t\t\t\t<div class=\"elementor-widget-container\">\n\t\t\t\t\t\t\t<div class=\"elementor-divider\">\n\t\t\t<span class=\"elementor-divider-separator\">\n\t\t\t\t\t\t<\/span>\n\t\t<\/div>\n\t\t\t\t\t\t<\/div>\n\t\t\t\t<\/div>\n\t\t\t\t<div class=\"elementor-element elementor-element-1bd161a elementor-invisible elementor-widget elementor-widget-text-editor\" data-id=\"1bd161a\" data-element_type=\"widget\" data-e-type=\"widget\" data-settings=\"{&quot;_animation&quot;:&quot;fadeInUp&quot;,&quot;_animation_delay&quot;:700}\" data-widget_type=\"text-editor.default\">\n\t\t\t\t<div class=\"elementor-widget-container\">\n\t\t\t\t\t\t\t\t\t<p>Trabajamos con materiales de primera calidad y las t\u00e9cnicas m\u00e1s avanzadas para garantizar la longevidad y la seguridad de nuestras instalaciones. Adem\u00e1s, todos nuestros servicios cumplen con las normativas y regulaciones m\u00e1s exigentes.<\/p>\t\t\t\t\t\t\t\t<\/div>\n\t\t\t\t<\/div>\n\t\t\t\t<div class=\"elementor-element elementor-element-6a9f622 elementor-widget-divider--view-line elementor-widget elementor-widget-divider\" data-id=\"6a9f622\" data-element_type=\"widget\" data-e-type=\"widget\" data-widget_type=\"divider.default\">\n\t\t\t\t<div class=\"elementor-widget-container\">\n\t\t\t\t\t\t\t<div class=\"elementor-divider\">\n\t\t\t<span class=\"elementor-divider-separator\">\n\t\t\t\t\t\t<\/span>\n\t\t<\/div>\n\t\t\t\t\t\t<\/div>\n\t\t\t\t<\/div>\n\t\t\t\t<div class=\"elementor-element elementor-element-b0be09b elementor-align-center elementor-invisible elementor-widget elementor-widget-button\" data-id=\"b0be09b\" data-element_type=\"widget\" data-e-type=\"widget\" data-settings=\"{&quot;_animation&quot;:&quot;fadeIn&quot;,&quot;_animation_delay&quot;:1000}\" data-widget_type=\"button.default\">\n\t\t\t\t<div class=\"elementor-widget-container\">\n\t\t\t\t\t\t\t\t\t<div class=\"elementor-button-wrapper\">\n\t\t\t\t\t<a class=\"elementor-button elementor-button-link elementor-size-sm\" href=\"mailto:info@instalserveis.cat\" target=\"_blank\">\n\t\t\t\t\t\t<span class=\"elementor-button-content-wrapper\">\n\t\t\t\t\t\t\t\t\t<span class=\"elementor-button-text\">CONT\u00c1CTANOS<\/span>\n\t\t\t\t\t<\/span>\n\t\t\t\t\t<\/a>\n\t\t\t\t<\/div>\n\t\t\t\t\t\t\t\t<\/div>\n\t\t\t\t<\/div>\n\t\t\t\t\t<\/div>\n\t\t<\/div>\n\t\t\t\t<div class=\"elementor-column elementor-col-33 elementor-inner-column elementor-element elementor-element-da991e8\" data-id=\"da991e8\" data-element_type=\"column\" data-e-type=\"column\">\n\t\t\t<div class=\"elementor-widget-wrap\">\n\t\t\t\t\t\t\t<\/div>\n\t\t<\/div>\n\t\t\t\t\t<\/div>\n\t\t<\/section>\n\t\t\t\t<div class=\"elementor-element elementor-element-e201aaf elementor-widget elementor-widget-spacer\" data-id=\"e201aaf\" data-element_type=\"widget\" data-e-type=\"widget\" data-widget_type=\"spacer.default\">\n\t\t\t\t<div class=\"elementor-widget-container\">\n\t\t\t\t\t\t\t<div class=\"elementor-spacer\">\n\t\t\t<div class=\"elementor-spacer-inner\"><\/div>\n\t\t<\/div>\n\t\t\t\t\t\t<\/div>\n\t\t\t\t<\/div>\n\t\t\t\t\t<\/div>\n\t\t<\/div>\n\t\t\t\t\t<\/div>\n\t\t<\/section>\n\t\t\t\t<section class=\"elementor-section elementor-top-section elementor-element elementor-element-4ce6195 elementor-section-boxed elementor-section-height-default elementor-section-height-default\" data-id=\"4ce6195\" data-element_type=\"section\" data-e-type=\"section\" data-settings=\"{&quot;background_background&quot;:&quot;classic&quot;}\">\n\t\t\t\t\t\t<div class=\"elementor-container elementor-column-gap-default\">\n\t\t\t\t\t<div class=\"elementor-column elementor-col-50 elementor-top-column elementor-element elementor-element-f466182\" data-id=\"f466182\" data-element_type=\"column\" data-e-type=\"column\">\n\t\t\t<div class=\"elementor-widget-wrap elementor-element-populated\">\n\t\t\t\t\t\t<section class=\"elementor-section elementor-inner-section elementor-element elementor-element-3e9183e elementor-section-boxed elementor-section-height-default elementor-section-height-default\" data-id=\"3e9183e\" data-element_type=\"section\" data-e-type=\"section\">\n\t\t\t\t\t\t<div class=\"elementor-container elementor-column-gap-default\">\n\t\t\t\t\t<div class=\"elementor-column elementor-col-50 elementor-inner-column elementor-element elementor-element-8d7d911\" data-id=\"8d7d911\" data-element_type=\"column\" data-e-type=\"column\">\n\t\t\t<div class=\"elementor-widget-wrap elementor-element-populated\">\n\t\t\t\t\t\t<div class=\"elementor-element elementor-element-a5b3ce2 elementor-invisible elementor-widget elementor-widget-heading\" data-id=\"a5b3ce2\" data-element_type=\"widget\" data-e-type=\"widget\" data-settings=\"{&quot;_animation&quot;:&quot;fadeInUp&quot;,&quot;_animation_delay&quot;:700}\" data-widget_type=\"heading.default\">\n\t\t\t\t<div class=\"elementor-widget-container\">\n\t\t\t\t\t<h2 class=\"elementor-heading-title elementor-size-default\">SERVICIOS QUE TE OFRECEMOS<\/h2>\t\t\t\t<\/div>\n\t\t\t\t<\/div>\n\t\t\t\t\t<\/div>\n\t\t<\/div>\n\t\t\t\t<div class=\"elementor-column elementor-col-50 elementor-inner-column elementor-element elementor-element-b138b33\" data-id=\"b138b33\" data-element_type=\"column\" data-e-type=\"column\">\n\t\t\t<div class=\"elementor-widget-wrap\">\n\t\t\t\t\t\t\t<\/div>\n\t\t<\/div>\n\t\t\t\t\t<\/div>\n\t\t<\/section>\n\t\t\t\t<section class=\"elementor-section elementor-inner-section elementor-element elementor-element-fedaffa elementor-section-boxed elementor-section-height-default elementor-section-height-default\" data-id=\"fedaffa\" data-element_type=\"section\" data-e-type=\"section\">\n\t\t\t\t\t\t<div class=\"elementor-container elementor-column-gap-default\">\n\t\t\t\t\t<div class=\"elementor-column elementor-col-50 elementor-inner-column elementor-element elementor-element-b989b8f\" data-id=\"b989b8f\" data-element_type=\"column\" data-e-type=\"column\">\n\t\t\t<div class=\"elementor-widget-wrap elementor-element-populated\">\n\t\t\t\t\t\t<div class=\"elementor-element elementor-element-f79423b elementor-widget elementor-widget-gallery\" data-id=\"f79423b\" data-element_type=\"widget\" data-e-type=\"widget\" data-settings=\"{&quot;columns&quot;:5,&quot;columns_tablet&quot;:5,&quot;columns_mobile&quot;:5,&quot;aspect_ratio&quot;:&quot;1:1&quot;,&quot;lazyload&quot;:&quot;yes&quot;,&quot;gallery_layout&quot;:&quot;grid&quot;,&quot;gap&quot;:{&quot;unit&quot;:&quot;px&quot;,&quot;size&quot;:10,&quot;sizes&quot;:[]},&quot;gap_tablet&quot;:{&quot;unit&quot;:&quot;px&quot;,&quot;size&quot;:10,&quot;sizes&quot;:[]},&quot;gap_mobile&quot;:{&quot;unit&quot;:&quot;px&quot;,&quot;size&quot;:10,&quot;sizes&quot;:[]},&quot;content_hover_animation&quot;:&quot;fade-in&quot;}\" data-widget_type=\"gallery.default\">\n\t\t\t\t<div class=\"elementor-widget-container\">\n\t\t\t\t\t\t\t<div class=\"elementor-gallery__container\">\n\t\t\t\t\t\t\t<div class=\"e-gallery-item elementor-gallery-item elementor-animated-content\">\n\t\t\t\t\t<div class=\"e-gallery-image elementor-gallery-item__image\" data-thumbnail=\"https:\/\/instalserveis.cat\/wp-content\/uploads\/2023\/10\/instalserveis-electricitat.png\" data-width=\"165\" data-height=\"165\" aria-label=\"Icona de les instal\u00b7lacions el\u00e8ctriques\" role=\"img\" ><\/div>\n\t\t\t\t\t\t\t\t\t\t\t\t\t\t<\/div>\n\t\t\t\t\t\t\t<div class=\"e-gallery-item elementor-gallery-item elementor-animated-content\">\n\t\t\t\t\t<div class=\"e-gallery-image elementor-gallery-item__image\" data-thumbnail=\"https:\/\/instalserveis.cat\/wp-content\/uploads\/2023\/10\/instalserveis-fontaneria.png\" data-width=\"165\" data-height=\"165\" aria-label=\"Icona de serveis de fontaneria\" role=\"img\" ><\/div>\n\t\t\t\t\t\t\t\t\t\t\t\t\t\t<\/div>\n\t\t\t\t\t\t\t<div class=\"e-gallery-item elementor-gallery-item elementor-animated-content\">\n\t\t\t\t\t<div class=\"e-gallery-image elementor-gallery-item__image\" data-thumbnail=\"https:\/\/instalserveis.cat\/wp-content\/uploads\/2023\/10\/instalserveis-gas.png\" data-width=\"165\" data-height=\"165\" aria-label=\"Icona de les instal\u00b7lacions de gas\" role=\"img\" ><\/div>\n\t\t\t\t\t\t\t\t\t\t\t\t\t\t<\/div>\n\t\t\t\t\t\t\t<div class=\"e-gallery-item elementor-gallery-item elementor-animated-content\">\n\t\t\t\t\t<div class=\"e-gallery-image elementor-gallery-item__image\" data-thumbnail=\"https:\/\/instalserveis.cat\/wp-content\/uploads\/2023\/10\/instalserveis-climatitzacio.png\" data-width=\"165\" data-height=\"165\" aria-label=\"Icona de instal\u00b7lacions de climatitzaci\u00f3\" role=\"img\" ><\/div>\n\t\t\t\t\t\t\t\t\t\t\t\t\t\t<\/div>\n\t\t\t\t\t\t\t<div class=\"e-gallery-item elementor-gallery-item elementor-animated-content\">\n\t\t\t\t\t<div class=\"e-gallery-image elementor-gallery-item__image\" data-thumbnail=\"https:\/\/instalserveis.cat\/wp-content\/uploads\/2023\/10\/instalserveis-eco.png\" data-width=\"165\" data-height=\"165\" aria-label=\"Icona de les instal\u00b7lacions d&#039;energies renovables\" role=\"img\" ><\/div>\n\t\t\t\t\t\t\t\t\t\t\t\t\t\t<\/div>\n\t\t\t\t\t<\/div>\n\t\t\t\t\t<\/div>\n\t\t\t\t<\/div>\n\t\t\t\t\t<\/div>\n\t\t<\/div>\n\t\t\t\t<div class=\"elementor-column elementor-col-50 elementor-inner-column elementor-element elementor-element-f142ff0 elementor-hidden-tablet\" data-id=\"f142ff0\" data-element_type=\"column\" data-e-type=\"column\">\n\t\t\t<div class=\"elementor-widget-wrap\">\n\t\t\t\t\t\t\t<\/div>\n\t\t<\/div>\n\t\t\t\t\t<\/div>\n\t\t<\/section>\n\t\t\t\t\t<\/div>\n\t\t<\/div>\n\t\t\t\t<div class=\"elementor-column elementor-col-50 elementor-top-column elementor-element elementor-element-5e3b07a\" data-id=\"5e3b07a\" data-element_type=\"column\" data-e-type=\"column\">\n\t\t\t<div class=\"elementor-widget-wrap elementor-element-populated\">\n\t\t\t\t\t\t<div class=\"elementor-element elementor-element-eaa381f elementor-align-center elementor-tablet-align-center elementor-invisible elementor-widget elementor-widget-button\" data-id=\"eaa381f\" data-element_type=\"widget\" data-e-type=\"widget\" data-settings=\"{&quot;_animation&quot;:&quot;fadeIn&quot;,&quot;_animation_delay&quot;:1000}\" data-widget_type=\"button.default\">\n\t\t\t\t<div class=\"elementor-widget-container\">\n\t\t\t\t\t\t\t\t\t<div class=\"elementor-button-wrapper\">\n\t\t\t\t\t<a class=\"elementor-button elementor-button-link elementor-size-sm\" href=\"https:\/\/instalserveis.cat\/#serveis\" target=\"_blank\">\n\t\t\t\t\t\t<span class=\"elementor-button-content-wrapper\">\n\t\t\t\t\t\t\t\t\t<span class=\"elementor-button-text\">VER SERVICIOS<\/span>\n\t\t\t\t\t<\/span>\n\t\t\t\t\t<\/a>\n\t\t\t\t<\/div>\n\t\t\t\t\t\t\t\t<\/div>\n\t\t\t\t<\/div>\n\t\t\t\t\t<\/div>\n\t\t<\/div>\n\t\t\t\t\t<\/div>\n\t\t<\/section>\n\t\t\t\t<\/div>\n\t\t","protected":false},"excerpt":{"rendered":"<p>Qui\u00e9nes somos Somos una empresa de instalaciones a nivel integral ubicada en Santa Maria de Palautordera. Estamos comprometidos en atender tus necesidades con la m\u00e1xima calidad, eficiencia y a un precio competitivo. Disponemos de un equipo de profesionales experimentados y altamente cualificados en cada uno de los servicios que ofrecemos con instaladores autorizados con carn\u00e9 [&hellip;]<\/p>\n","protected":false},"author":1,"featured_media":643,"parent":0,"menu_order":0,"comment_status":"closed","ping_status":"closed","template":"elementor_header_footer","meta":{"footnotes":""},"class_list":["post-492","page","type-page","status-publish","has-post-thumbnail","hentry"],"yoast_head":"<!-- This site is optimized with the Yoast SEO plugin v27.5 - https:\/\/yoast.com\/product\/yoast-seo-wordpress\/ -->\n<title>Empresa de instalaciones - Instal Serveis<\/title>\n<meta name=\"description\" content=\"Somos una empresa de instalaciones ubicada en Santa Maria de Palautordera. Estamos comprometidos en atender tus necesidades con calidad.\" \/>\n<meta name=\"robots\" content=\"index, follow, max-snippet:-1, max-image-preview:large, max-video-preview:-1\" \/>\n<link rel=\"canonical\" href=\"https:\/\/instalserveis.cat\/es\/quienes-somos\/\" \/>\n<meta property=\"og:locale\" content=\"es_ES\" \/>\n<meta property=\"og:type\" content=\"article\" \/>\n<meta property=\"og:title\" content=\"Empresa de instalaciones - Instal Serveis\" \/>\n<meta property=\"og:description\" content=\"Somos una empresa de instalaciones ubicada en Santa Maria de Palautordera. Estamos comprometidos en atender tus necesidades con calidad.\" \/>\n<meta property=\"og:url\" content=\"https:\/\/instalserveis.cat\/es\/quienes-somos\/\" \/>\n<meta property=\"og:site_name\" content=\"Instal Serveis\" \/>\n<meta property=\"article:modified_time\" content=\"2025-04-25T09:42:01+00:00\" \/>\n<meta property=\"og:image\" content=\"https:\/\/instalserveis.cat\/wp-content\/uploads\/2023\/08\/instalserveis_favicon-1.png\" \/>\n\t<meta property=\"og:image:width\" content=\"335\" \/>\n\t<meta property=\"og:image:height\" content=\"335\" \/>\n\t<meta property=\"og:image:type\" content=\"image\/png\" \/>\n<meta name=\"twitter:card\" content=\"summary_large_image\" \/>\n<meta name=\"twitter:label1\" content=\"Tiempo de lectura\" \/>\n\t<meta name=\"twitter:data1\" content=\"1 minuto\" \/>\n<script type=\"application\/ld+json\" class=\"yoast-schema-graph\">{\"@context\":\"https:\\\/\\\/schema.org\",\"@graph\":[{\"@type\":\"WebPage\",\"@id\":\"https:\\\/\\\/instalserveis.cat\\\/es\\\/quienes-somos\\\/\",\"url\":\"https:\\\/\\\/instalserveis.cat\\\/es\\\/quienes-somos\\\/\",\"name\":\"Empresa de instalaciones - Instal Serveis\",\"isPartOf\":{\"@id\":\"https:\\\/\\\/instalserveis.cat\\\/es\\\/#website\"},\"primaryImageOfPage\":{\"@id\":\"https:\\\/\\\/instalserveis.cat\\\/es\\\/quienes-somos\\\/#primaryimage\"},\"image\":{\"@id\":\"https:\\\/\\\/instalserveis.cat\\\/es\\\/quienes-somos\\\/#primaryimage\"},\"thumbnailUrl\":\"https:\\\/\\\/instalserveis.cat\\\/wp-content\\\/uploads\\\/2023\\\/08\\\/instalserveis_favicon-1.png\",\"datePublished\":\"2023-10-24T13:29:01+00:00\",\"dateModified\":\"2025-04-25T09:42:01+00:00\",\"description\":\"Somos una empresa de instalaciones ubicada en Santa Maria de Palautordera. Estamos comprometidos en atender tus necesidades con calidad.\",\"breadcrumb\":{\"@id\":\"https:\\\/\\\/instalserveis.cat\\\/es\\\/quienes-somos\\\/#breadcrumb\"},\"inLanguage\":\"es\",\"potentialAction\":[{\"@type\":\"ReadAction\",\"target\":[\"https:\\\/\\\/instalserveis.cat\\\/es\\\/quienes-somos\\\/\"]}]},{\"@type\":\"ImageObject\",\"inLanguage\":\"es\",\"@id\":\"https:\\\/\\\/instalserveis.cat\\\/es\\\/quienes-somos\\\/#primaryimage\",\"url\":\"https:\\\/\\\/instalserveis.cat\\\/wp-content\\\/uploads\\\/2023\\\/08\\\/instalserveis_favicon-1.png\",\"contentUrl\":\"https:\\\/\\\/instalserveis.cat\\\/wp-content\\\/uploads\\\/2023\\\/08\\\/instalserveis_favicon-1.png\",\"width\":335,\"height\":335},{\"@type\":\"BreadcrumbList\",\"@id\":\"https:\\\/\\\/instalserveis.cat\\\/es\\\/quienes-somos\\\/#breadcrumb\",\"itemListElement\":[{\"@type\":\"ListItem\",\"position\":1,\"name\":\"Inici\",\"item\":\"https:\\\/\\\/instalserveis.cat\\\/es\\\/\"},{\"@type\":\"ListItem\",\"position\":2,\"name\":\"Qui\u00e9nes somos\"}]},{\"@type\":\"WebSite\",\"@id\":\"https:\\\/\\\/instalserveis.cat\\\/es\\\/#website\",\"url\":\"https:\\\/\\\/instalserveis.cat\\\/es\\\/\",\"name\":\"Instal Serveis\",\"description\":\"Serveis de lampisteria i electricista\",\"publisher\":{\"@id\":\"https:\\\/\\\/instalserveis.cat\\\/es\\\/#organization\"},\"potentialAction\":[{\"@type\":\"SearchAction\",\"target\":{\"@type\":\"EntryPoint\",\"urlTemplate\":\"https:\\\/\\\/instalserveis.cat\\\/es\\\/?s={search_term_string}\"},\"query-input\":{\"@type\":\"PropertyValueSpecification\",\"valueRequired\":true,\"valueName\":\"search_term_string\"}}],\"inLanguage\":\"es\"},{\"@type\":\"Organization\",\"@id\":\"https:\\\/\\\/instalserveis.cat\\\/es\\\/#organization\",\"name\":\"Instal Serveis\",\"url\":\"https:\\\/\\\/instalserveis.cat\\\/es\\\/\",\"logo\":{\"@type\":\"ImageObject\",\"inLanguage\":\"es\",\"@id\":\"https:\\\/\\\/instalserveis.cat\\\/es\\\/#\\\/schema\\\/logo\\\/image\\\/\",\"url\":\"https:\\\/\\\/instalserveis.cat\\\/wp-content\\\/uploads\\\/2023\\\/10\\\/Recurso-10.png\",\"contentUrl\":\"https:\\\/\\\/instalserveis.cat\\\/wp-content\\\/uploads\\\/2023\\\/10\\\/Recurso-10.png\",\"width\":552,\"height\":189,\"caption\":\"Instal Serveis\"},\"image\":{\"@id\":\"https:\\\/\\\/instalserveis.cat\\\/es\\\/#\\\/schema\\\/logo\\\/image\\\/\"}}]}<\/script>\n<!-- \/ Yoast SEO plugin. -->","yoast_head_json":{"title":"Empresa de instalaciones - Instal Serveis","description":"Somos una empresa de instalaciones ubicada en Santa Maria de Palautordera. Estamos comprometidos en atender tus necesidades con calidad.","robots":{"index":"index","follow":"follow","max-snippet":"max-snippet:-1","max-image-preview":"max-image-preview:large","max-video-preview":"max-video-preview:-1"},"canonical":"https:\/\/instalserveis.cat\/es\/quienes-somos\/","og_locale":"es_ES","og_type":"article","og_title":"Empresa de instalaciones - Instal Serveis","og_description":"Somos una empresa de instalaciones ubicada en Santa Maria de Palautordera. Estamos comprometidos en atender tus necesidades con calidad.","og_url":"https:\/\/instalserveis.cat\/es\/quienes-somos\/","og_site_name":"Instal Serveis","article_modified_time":"2025-04-25T09:42:01+00:00","og_image":[{"width":335,"height":335,"url":"https:\/\/instalserveis.cat\/wp-content\/uploads\/2023\/08\/instalserveis_favicon-1.png","type":"image\/png"}],"twitter_card":"summary_large_image","twitter_misc":{"Tiempo de lectura":"1 minuto"},"schema":{"@context":"https:\/\/schema.org","@graph":[{"@type":"WebPage","@id":"https:\/\/instalserveis.cat\/es\/quienes-somos\/","url":"https:\/\/instalserveis.cat\/es\/quienes-somos\/","name":"Empresa de instalaciones - Instal Serveis","isPartOf":{"@id":"https:\/\/instalserveis.cat\/es\/#website"},"primaryImageOfPage":{"@id":"https:\/\/instalserveis.cat\/es\/quienes-somos\/#primaryimage"},"image":{"@id":"https:\/\/instalserveis.cat\/es\/quienes-somos\/#primaryimage"},"thumbnailUrl":"https:\/\/instalserveis.cat\/wp-content\/uploads\/2023\/08\/instalserveis_favicon-1.png","datePublished":"2023-10-24T13:29:01+00:00","dateModified":"2025-04-25T09:42:01+00:00","description":"Somos una empresa de instalaciones ubicada en Santa Maria de Palautordera. Estamos comprometidos en atender tus necesidades con calidad.","breadcrumb":{"@id":"https:\/\/instalserveis.cat\/es\/quienes-somos\/#breadcrumb"},"inLanguage":"es","potentialAction":[{"@type":"ReadAction","target":["https:\/\/instalserveis.cat\/es\/quienes-somos\/"]}]},{"@type":"ImageObject","inLanguage":"es","@id":"https:\/\/instalserveis.cat\/es\/quienes-somos\/#primaryimage","url":"https:\/\/instalserveis.cat\/wp-content\/uploads\/2023\/08\/instalserveis_favicon-1.png","contentUrl":"https:\/\/instalserveis.cat\/wp-content\/uploads\/2023\/08\/instalserveis_favicon-1.png","width":335,"height":335},{"@type":"BreadcrumbList","@id":"https:\/\/instalserveis.cat\/es\/quienes-somos\/#breadcrumb","itemListElement":[{"@type":"ListItem","position":1,"name":"Inici","item":"https:\/\/instalserveis.cat\/es\/"},{"@type":"ListItem","position":2,"name":"Qui\u00e9nes somos"}]},{"@type":"WebSite","@id":"https:\/\/instalserveis.cat\/es\/#website","url":"https:\/\/instalserveis.cat\/es\/","name":"Instal Serveis","description":"Serveis de lampisteria i electricista","publisher":{"@id":"https:\/\/instalserveis.cat\/es\/#organization"},"potentialAction":[{"@type":"SearchAction","target":{"@type":"EntryPoint","urlTemplate":"https:\/\/instalserveis.cat\/es\/?s={search_term_string}"},"query-input":{"@type":"PropertyValueSpecification","valueRequired":true,"valueName":"search_term_string"}}],"inLanguage":"es"},{"@type":"Organization","@id":"https:\/\/instalserveis.cat\/es\/#organization","name":"Instal Serveis","url":"https:\/\/instalserveis.cat\/es\/","logo":{"@type":"ImageObject","inLanguage":"es","@id":"https:\/\/instalserveis.cat\/es\/#\/schema\/logo\/image\/","url":"https:\/\/instalserveis.cat\/wp-content\/uploads\/2023\/10\/Recurso-10.png","contentUrl":"https:\/\/instalserveis.cat\/wp-content\/uploads\/2023\/10\/Recurso-10.png","width":552,"height":189,"caption":"Instal Serveis"},"image":{"@id":"https:\/\/instalserveis.cat\/es\/#\/schema\/logo\/image\/"}}]}},"_links":{"self":[{"href":"https:\/\/instalserveis.cat\/es\/wp-json\/wp\/v2\/pages\/492","targetHints":{"allow":["GET"]}}],"collection":[{"href":"https:\/\/instalserveis.cat\/es\/wp-json\/wp\/v2\/pages"}],"about":[{"href":"https:\/\/instalserveis.cat\/es\/wp-json\/wp\/v2\/types\/page"}],"author":[{"embeddable":true,"href":"https:\/\/instalserveis.cat\/es\/wp-json\/wp\/v2\/users\/1"}],"replies":[{"embeddable":true,"href":"https:\/\/instalserveis.cat\/es\/wp-json\/wp\/v2\/comments?post=492"}],"version-history":[{"count":9,"href":"https:\/\/instalserveis.cat\/es\/wp-json\/wp\/v2\/pages\/492\/revisions"}],"predecessor-version":[{"id":905,"href":"https:\/\/instalserveis.cat\/es\/wp-json\/wp\/v2\/pages\/492\/revisions\/905"}],"wp:featuredmedia":[{"embeddable":true,"href":"https:\/\/instalserveis.cat\/es\/wp-json\/wp\/v2\/media\/643"}],"wp:attachment":[{"href":"https:\/\/instalserveis.cat\/es\/wp-json\/wp\/v2\/media?parent=492"}],"curies":[{"name":"wp","href":"https:\/\/api.w.org\/{rel}","templated":true}]}}